{"id":85,"date":"2024-08-08T00:27:51","date_gmt":"2024-08-08T00:27:51","guid":{"rendered":"https:\/\/marcelablessi.com\/pt\/?page_id=85"},"modified":"2024-08-29T23:38:04","modified_gmt":"2024-08-29T23:38:04","slug":"biografia","status":"publish","type":"page","link":"https:\/\/marcelablessi.com\/pt\/biografia\/","title":{"rendered":"Biografia"},"content":{"rendered":"\n<div class=\"wp-block-columns are-vertically-aligned-center is-layout-flex wp-container-core-columns-is-layout-f2b4f319 wp-block-columns-is-layout-flex\">\n<div class=\"wp-block-column is-vertically-aligned-center is-layout-flow wp-block-column-is-layout-flow\">\n<p>\u00c9 preciso muita coragem e determina\u00e7\u00e3o para deixar sua terra natal e migrar para um novo pa\u00eds com nada mais do que um sonho e apoio m\u00ednimo, mas Blessi fez exatamente isso. Criada pela av\u00f3, nascida em 1999 nas favelas de S\u00e3o Paulo &#8211; Brasil<\/p>\n\n\n\n<p>Blessi desde jovem,&nbsp;&nbsp;come\u00e7ou a trabalhar nas ruas aos 10 anos de idade vendendo maquigem.<br>Com 16 anos ela decidiu seguir seu sonho como cantora .<br>Ela faria a transi\u00e7\u00e3o para a modelagem, atua\u00e7\u00e3o, dan\u00e7a e entretenimento musical.<\/p>\n\n\n\n<p>Aos 18 anos, Blessi juntou o pouco de dinheiro que tinha e foi para Los Angeles sozinha .<br>Ela foi capaz de usar sua personalidade carism\u00e1tica para n\u00e3o apenas aprender ingl\u00eas, mas prosperar em uma cidade cheia de pol\u00edtica de rua e neg\u00f3cios. Avan\u00e7ando para 2022, Blessi pegou seu amor pelo hip hop e pela m\u00fasica pop, que foi alimentado por artistas lend\u00e1rios como Tupac e Michael Jackson e letristas especialistas, e decidiu entrar no est\u00fadio. Sua beleza \u00e9 acompanhada por uma voz incr\u00edvel com uma entrega profunda e rosnada que \u00e9 acompanhada por uma bela exibi\u00e7\u00e3o de canto mel\u00f3dico. Sua habilidade de mudar a energia lhe d\u00e1 a habilidade de trabalhar com uma variedade de produtores e escritores para criar qualquer tipo de som.<\/p>\n<\/div>\n\n\n\n<div class=\"wp-block-column is-vertically-aligned-center is-layout-flow wp-block-column-is-layout-flow\">\n<figure class=\"wp-block-image size-full\"><img loading=\"lazy\" decoding=\"async\" width=\"1707\" height=\"2560\" sizes=\"auto, (max-width: min(100%, 1707px)) 100vw, min(100%, 1707px)\" src=\"https:\/\/marcelablessi.com\/pt\/wp-content\/uploads\/2024\/08\/Blessi-Biography-scaled.jpeg\" alt=\"\" class=\"wp-image-91\" style=\"aspect-ratio:2\/3;object-fit:cover\" srcset=\"https:\/\/marcelablessi.com\/pt\/wp-content\/uploads\/2024\/08\/Blessi-Biography-scaled.jpeg 1707w, https:\/\/marcelablessi.com\/pt\/wp-content\/uploads\/2024\/08\/Blessi-Biography-200x300.jpeg 200w, https:\/\/marcelablessi.com\/pt\/wp-content\/uploads\/2024\/08\/Blessi-Biography-683x1024.jpeg 683w, https:\/\/marcelablessi.com\/pt\/wp-content\/uploads\/2024\/08\/Blessi-Biography-768x1152.jpeg 768w, https:\/\/marcelablessi.com\/pt\/wp-content\/uploads\/2024\/08\/Blessi-Biography-1024x1536.jpeg 1024w, https:\/\/marcelablessi.com\/pt\/wp-content\/uploads\/2024\/08\/Blessi-Biography-1365x2048.jpeg 1365w\" \/><\/figure>\n<\/div>\n<\/div>\n\n\n\n<p>\u00c9 dif\u00edcil acreditar o qu\u00e3o novata no jogo Blessi \u00e9 quando voc\u00ea ouve as m\u00fasicas habilmente elaboradas que ela constr\u00f3i com seu c\u00edrculo.<br>Capaz de atuar em v\u00e1rias \u00e1reas do entretenimento, qualquer marca que colabora com ela se destaca para receber o interesse de milhares de consumidores.<\/p>\n\n\n\n<p>O objetivo de Blessi \u00e9 tocar profundamente os cora\u00e7\u00f5es das pessoas por meio de sua m\u00fasica e transformar vidas tornando o mundo um lugar melhor.<\/p>\n","protected":false},"excerpt":{"rendered":"<p>\u00c9 preciso muita coragem e determina\u00e7\u00e3o para deixar sua terra natal e migrar para um novo pa\u00eds com nada mais do que um sonho e apoio m\u00ednimo, mas Blessi fez exatamente isso. Criada pela av\u00f3, nascida em 1999 nas favelas de S\u00e3o Paulo &#8211; Brasil Blessi desde jovem,&nbsp;&nbsp;come\u00e7ou a trabalhar nas ruas aos 10 anos&#8230;<\/p>\n","protected":false},"author":1,"featured_media":0,"parent":0,"menu_order":0,"comment_status":"closed","ping_status":"closed","template":"","meta":{"footnotes":""},"class_list":["post-85","page","type-page","status-publish","hentry"],"yoast_head":"<!-- This site is optimized with the Yoast SEO plugin v27.4 - https:\/\/yoast.com\/product\/yoast-seo-wordpress\/ -->\n<title>Biografia - Blessi Official<\/title>\n<meta name=\"robots\" content=\"index, follow, max-snippet:-1, max-image-preview:large, max-video-preview:-1\" \/>\n<link rel=\"canonical\" href=\"https:\/\/marcelablessi.com\/pt\/biografia\/\" \/>\n<meta property=\"og:locale\" content=\"en_US\" \/>\n<meta property=\"og:type\" content=\"article\" \/>\n<meta property=\"og:title\" content=\"Biografia - Blessi Official\" \/>\n<meta property=\"og:description\" content=\"\u00c9 preciso muita coragem e determina\u00e7\u00e3o para deixar sua terra natal e migrar para um novo pa\u00eds com nada mais do que um sonho e apoio m\u00ednimo, mas Blessi fez exatamente isso. Criada pela av\u00f3, nascida em 1999 nas favelas de S\u00e3o Paulo &#8211; Brasil Blessi desde jovem,&nbsp;&nbsp;come\u00e7ou a trabalhar nas ruas aos 10 anos...\" \/>\n<meta property=\"og:url\" content=\"https:\/\/marcelablessi.com\/pt\/biografia\/\" \/>\n<meta property=\"og:site_name\" content=\"Blessi Official\" \/>\n<meta property=\"article:modified_time\" content=\"2024-08-29T23:38:04+00:00\" \/>\n<meta property=\"og:image\" content=\"https:\/\/marcelablessi.com\/pt\/wp-content\/uploads\/2024\/08\/Blessi-Biography-scaled.jpeg\" \/>\n<meta name=\"twitter:card\" content=\"summary_large_image\" \/>\n<meta name=\"twitter:label1\" content=\"Est. reading time\" \/>\n\t<meta name=\"twitter:data1\" content=\"2 minutes\" \/>\n<script type=\"application\/ld+json\" class=\"yoast-schema-graph\">{\"@context\":\"https:\\\/\\\/schema.org\",\"@graph\":[{\"@type\":\"WebPage\",\"@id\":\"https:\\\/\\\/marcelablessi.com\\\/pt\\\/biografia\\\/\",\"url\":\"https:\\\/\\\/marcelablessi.com\\\/pt\\\/biografia\\\/\",\"name\":\"Biografia - Blessi Official\",\"isPartOf\":{\"@id\":\"https:\\\/\\\/marcelablessi.com\\\/pt\\\/#website\"},\"primaryImageOfPage\":{\"@id\":\"https:\\\/\\\/marcelablessi.com\\\/pt\\\/biografia\\\/#primaryimage\"},\"image\":{\"@id\":\"https:\\\/\\\/marcelablessi.com\\\/pt\\\/biografia\\\/#primaryimage\"},\"thumbnailUrl\":\"https:\\\/\\\/marcelablessi.com\\\/pt\\\/wp-content\\\/uploads\\\/2024\\\/08\\\/Blessi-Biography-scaled.jpeg\",\"datePublished\":\"2024-08-08T00:27:51+00:00\",\"dateModified\":\"2024-08-29T23:38:04+00:00\",\"breadcrumb\":{\"@id\":\"https:\\\/\\\/marcelablessi.com\\\/pt\\\/biografia\\\/#breadcrumb\"},\"inLanguage\":\"en-US\",\"potentialAction\":[{\"@type\":\"ReadAction\",\"target\":[\"https:\\\/\\\/marcelablessi.com\\\/pt\\\/biografia\\\/\"]}]},{\"@type\":\"ImageObject\",\"inLanguage\":\"en-US\",\"@id\":\"https:\\\/\\\/marcelablessi.com\\\/pt\\\/biografia\\\/#primaryimage\",\"url\":\"https:\\\/\\\/marcelablessi.com\\\/pt\\\/wp-content\\\/uploads\\\/2024\\\/08\\\/Blessi-Biography-scaled.jpeg\",\"contentUrl\":\"https:\\\/\\\/marcelablessi.com\\\/pt\\\/wp-content\\\/uploads\\\/2024\\\/08\\\/Blessi-Biography-scaled.jpeg\",\"width\":1707,\"height\":2560},{\"@type\":\"BreadcrumbList\",\"@id\":\"https:\\\/\\\/marcelablessi.com\\\/pt\\\/biografia\\\/#breadcrumb\",\"itemListElement\":[{\"@type\":\"ListItem\",\"position\":1,\"name\":\"Home\",\"item\":\"https:\\\/\\\/marcelablessi.com\\\/pt\\\/\"},{\"@type\":\"ListItem\",\"position\":2,\"name\":\"Biografia\"}]},{\"@type\":\"WebSite\",\"@id\":\"https:\\\/\\\/marcelablessi.com\\\/pt\\\/#website\",\"url\":\"https:\\\/\\\/marcelablessi.com\\\/pt\\\/\",\"name\":\"Blessi Official\",\"description\":\"Site Official\",\"publisher\":{\"@id\":\"https:\\\/\\\/marcelablessi.com\\\/pt\\\/#organization\"},\"potentialAction\":[{\"@type\":\"SearchAction\",\"target\":{\"@type\":\"EntryPoint\",\"urlTemplate\":\"https:\\\/\\\/marcelablessi.com\\\/pt\\\/?s={search_term_string}\"},\"query-input\":{\"@type\":\"PropertyValueSpecification\",\"valueRequired\":true,\"valueName\":\"search_term_string\"}}],\"inLanguage\":\"en-US\"},{\"@type\":\"Organization\",\"@id\":\"https:\\\/\\\/marcelablessi.com\\\/pt\\\/#organization\",\"name\":\"Blessi Official\",\"url\":\"https:\\\/\\\/marcelablessi.com\\\/pt\\\/\",\"logo\":{\"@type\":\"ImageObject\",\"inLanguage\":\"en-US\",\"@id\":\"https:\\\/\\\/marcelablessi.com\\\/pt\\\/#\\\/schema\\\/logo\\\/image\\\/\",\"url\":\"https:\\\/\\\/marcelablessi.com\\\/pt\\\/wp-content\\\/uploads\\\/2024\\\/08\\\/BLESSI-Logo.jpeg\",\"contentUrl\":\"https:\\\/\\\/marcelablessi.com\\\/pt\\\/wp-content\\\/uploads\\\/2024\\\/08\\\/BLESSI-Logo.jpeg\",\"width\":500,\"height\":500,\"caption\":\"Blessi Official\"},\"image\":{\"@id\":\"https:\\\/\\\/marcelablessi.com\\\/pt\\\/#\\\/schema\\\/logo\\\/image\\\/\"}}]}<\/script>\n<!-- \/ Yoast SEO plugin. -->","yoast_head_json":{"title":"Biografia - Blessi Official","robots":{"index":"index","follow":"follow","max-snippet":"max-snippet:-1","max-image-preview":"max-image-preview:large","max-video-preview":"max-video-preview:-1"},"canonical":"https:\/\/marcelablessi.com\/pt\/biografia\/","og_locale":"en_US","og_type":"article","og_title":"Biografia - Blessi Official","og_description":"\u00c9 preciso muita coragem e determina\u00e7\u00e3o para deixar sua terra natal e migrar para um novo pa\u00eds com nada mais do que um sonho e apoio m\u00ednimo, mas Blessi fez exatamente isso. Criada pela av\u00f3, nascida em 1999 nas favelas de S\u00e3o Paulo &#8211; Brasil Blessi desde jovem,&nbsp;&nbsp;come\u00e7ou a trabalhar nas ruas aos 10 anos...","og_url":"https:\/\/marcelablessi.com\/pt\/biografia\/","og_site_name":"Blessi Official","article_modified_time":"2024-08-29T23:38:04+00:00","og_image":[{"url":"https:\/\/marcelablessi.com\/pt\/wp-content\/uploads\/2024\/08\/Blessi-Biography-scaled.jpeg","type":"","width":"","height":""}],"twitter_card":"summary_large_image","twitter_misc":{"Est. reading time":"2 minutes"},"schema":{"@context":"https:\/\/schema.org","@graph":[{"@type":"WebPage","@id":"https:\/\/marcelablessi.com\/pt\/biografia\/","url":"https:\/\/marcelablessi.com\/pt\/biografia\/","name":"Biografia - Blessi Official","isPartOf":{"@id":"https:\/\/marcelablessi.com\/pt\/#website"},"primaryImageOfPage":{"@id":"https:\/\/marcelablessi.com\/pt\/biografia\/#primaryimage"},"image":{"@id":"https:\/\/marcelablessi.com\/pt\/biografia\/#primaryimage"},"thumbnailUrl":"https:\/\/marcelablessi.com\/pt\/wp-content\/uploads\/2024\/08\/Blessi-Biography-scaled.jpeg","datePublished":"2024-08-08T00:27:51+00:00","dateModified":"2024-08-29T23:38:04+00:00","breadcrumb":{"@id":"https:\/\/marcelablessi.com\/pt\/biografia\/#breadcrumb"},"inLanguage":"en-US","potentialAction":[{"@type":"ReadAction","target":["https:\/\/marcelablessi.com\/pt\/biografia\/"]}]},{"@type":"ImageObject","inLanguage":"en-US","@id":"https:\/\/marcelablessi.com\/pt\/biografia\/#primaryimage","url":"https:\/\/marcelablessi.com\/pt\/wp-content\/uploads\/2024\/08\/Blessi-Biography-scaled.jpeg","contentUrl":"https:\/\/marcelablessi.com\/pt\/wp-content\/uploads\/2024\/08\/Blessi-Biography-scaled.jpeg","width":1707,"height":2560},{"@type":"BreadcrumbList","@id":"https:\/\/marcelablessi.com\/pt\/biografia\/#breadcrumb","itemListElement":[{"@type":"ListItem","position":1,"name":"Home","item":"https:\/\/marcelablessi.com\/pt\/"},{"@type":"ListItem","position":2,"name":"Biografia"}]},{"@type":"WebSite","@id":"https:\/\/marcelablessi.com\/pt\/#website","url":"https:\/\/marcelablessi.com\/pt\/","name":"Blessi Official","description":"Site Official","publisher":{"@id":"https:\/\/marcelablessi.com\/pt\/#organization"},"potentialAction":[{"@type":"SearchAction","target":{"@type":"EntryPoint","urlTemplate":"https:\/\/marcelablessi.com\/pt\/?s={search_term_string}"},"query-input":{"@type":"PropertyValueSpecification","valueRequired":true,"valueName":"search_term_string"}}],"inLanguage":"en-US"},{"@type":"Organization","@id":"https:\/\/marcelablessi.com\/pt\/#organization","name":"Blessi Official","url":"https:\/\/marcelablessi.com\/pt\/","logo":{"@type":"ImageObject","inLanguage":"en-US","@id":"https:\/\/marcelablessi.com\/pt\/#\/schema\/logo\/image\/","url":"https:\/\/marcelablessi.com\/pt\/wp-content\/uploads\/2024\/08\/BLESSI-Logo.jpeg","contentUrl":"https:\/\/marcelablessi.com\/pt\/wp-content\/uploads\/2024\/08\/BLESSI-Logo.jpeg","width":500,"height":500,"caption":"Blessi Official"},"image":{"@id":"https:\/\/marcelablessi.com\/pt\/#\/schema\/logo\/image\/"}}]}},"_links":{"self":[{"href":"https:\/\/marcelablessi.com\/pt\/wp-json\/wp\/v2\/pages\/85","targetHints":{"allow":["GET"]}}],"collection":[{"href":"https:\/\/marcelablessi.com\/pt\/wp-json\/wp\/v2\/pages"}],"about":[{"href":"https:\/\/marcelablessi.com\/pt\/wp-json\/wp\/v2\/types\/page"}],"author":[{"embeddable":true,"href":"https:\/\/marcelablessi.com\/pt\/wp-json\/wp\/v2\/users\/1"}],"replies":[{"embeddable":true,"href":"https:\/\/marcelablessi.com\/pt\/wp-json\/wp\/v2\/comments?post=85"}],"version-history":[{"count":15,"href":"https:\/\/marcelablessi.com\/pt\/wp-json\/wp\/v2\/pages\/85\/revisions"}],"predecessor-version":[{"id":205,"href":"https:\/\/marcelablessi.com\/pt\/wp-json\/wp\/v2\/pages\/85\/revisions\/205"}],"wp:attachment":[{"href":"https:\/\/marcelablessi.com\/pt\/wp-json\/wp\/v2\/media?parent=85"}],"curies":[{"name":"wp","href":"https:\/\/api.w.org\/{rel}","templated":true}]}}